{"id":10,"date":"2025-12-04T19:00:31","date_gmt":"2025-12-04T19:00:31","guid":{"rendered":"http:\/\/www.kiralikvito.com.tr\/?page_id=10"},"modified":"2025-12-14T20:49:22","modified_gmt":"2025-12-14T20:49:22","slug":"kiralik-vito-hizmetleri","status":"publish","type":"page","link":"http:\/\/www.kiralikvito.com.tr\/","title":{"rendered":"AutoVip"},"content":{"rendered":"\n<div class=\"wp-block-group alignfull has-global-padding is-layout-constrained wp-block-group-is-layout-constrained\" style=\"margin-top:0;margin-bottom:0\">\n<figure class=\"wp-block-image size-full\"><img loading=\"lazy\" decoding=\"async\" width=\"823\" height=\"535\" src=\"http:\/\/www.kiralikvito.com.tr\/wp-content\/uploads\/2025\/12\/kiralik-vito-hizmetleri.jpg\" alt=\"Kiral\u0131k vito hizmetleri\" class=\"wp-image-15\" srcset=\"http:\/\/www.kiralikvito.com.tr\/wp-content\/uploads\/2025\/12\/kiralik-vito-hizmetleri.jpg 823w, http:\/\/www.kiralikvito.com.tr\/wp-content\/uploads\/2025\/12\/kiralik-vito-hizmetleri-300x195.jpg 300w, http:\/\/www.kiralikvito.com.tr\/wp-content\/uploads\/2025\/12\/kiralik-vito-hizmetleri-768x499.jpg 768w\" sizes=\"auto, (max-width: 823px) 100vw, 823px\" \/><\/figure>\n<\/div>\n\n\n\n<div class=\"wp-block-group alignfull has-global-padding is-layout-constrained wp-container-core-group-is-layout-54af5b55 wp-block-group-is-layout-constrained\" style=\"margin-top:0;margin-bottom:0;padding-top:var(--wp--preset--spacing--60);padding-bottom:var(--wp--preset--spacing--60)\">\n<div class=\"wp-block-buttons alignwide has-custom-font-size has-medium-font-size is-content-justification-center is-layout-flex wp-container-core-buttons-is-layout-c124d1c4 wp-block-buttons-is-layout-flex\">\n<div class=\"wp-block-button\"><a class=\"wp-block-button__link wp-element-button\" href=\"http:\/\/www.kiralikvito.com.tr\/\">Anasayfa<\/a><\/div>\n\n\n\n<div class=\"wp-block-button\"><a class=\"wp-block-button__link wp-element-button\" href=\"http:\/\/www.kiralikvito.com.tr\/?page_id=32\">Hizmetler<\/a><\/div>\n\n\n\n<div class=\"wp-block-button\"><a class=\"wp-block-button__link wp-element-button\" href=\"http:\/\/www.kiralikvito.com.tr\/?page_id=51\">Hakk\u0131m\u0131zda<\/a><\/div>\n\n\n\n<div class=\"wp-block-button\"><a class=\"wp-block-button__link wp-element-button\" href=\"http:\/\/www.kiralikvito.com.tr\/?page_id=58\">\u0130leti\u015fim<\/a><\/div>\n<\/div>\n\n\n\n<h2 class=\"wp-block-heading\"><strong>Kiral\u0131k Vito Hizmetleri<\/strong>&#8211;<strong>AutoVip \u2013 \u0130stanbul VIP Transfer <\/strong><\/h2>\n<\/div>\n\n\n\n<p>K<strong>iral\u0131k Vito hizmetleri ile \u0130stanbul\u2019da her g\u00fcn y\u00fczlerce ki\u015fi, havaliman\u0131ndan \u015fehir merkezine g\u00fcvenli ve konforlu bir ula\u015f\u0131m ihtiyac\u0131 ya\u015f\u0131yor.<\/strong> Biz de AutoVip olarak y\u0131llard\u0131r bu ihtiyaca, Mercedes Vito modelleriyle \u00f6zel transfer hizmetleri sunarak cevap veriyoruz. <strong>\u00d6ncelikle<\/strong> amac\u0131m\u0131z sadece sizi bir noktadan di\u011ferine g\u00f6t\u00fcrmek de\u011fil. <strong>Aksine<\/strong>, yolculuk boyunca rahat etmenizi sa\u011flamak, zaman kaybetmeden gidece\u011finiz yere ula\u015fman\u0131z ve \u0130stanbul trafi\u011finin stresine hi\u00e7 bula\u015fmaman\u0131zd\u0131r.<\/p>\n\n\n\n<p><strong>\u00d6rne\u011fin<\/strong>, ister Sabiha G\u00f6k\u00e7en\u2019den Kad\u0131k\u00f6y\u2019e, ister \u0130stanbul Havaliman\u0131\u2019ndan Ni\u015fanta\u015f\u0131\u2019na, ister \u0130stanbul\u2019dan T\u00fcrkiye\u2019nin \u00e7e\u015fitli yerlerine gidin; <strong>her durumda<\/strong> t\u00fcm yolculu\u011fu sizin yerinize biz planl\u0131yoruz. <strong>Bununla birlikte<\/strong>, sizi istedi\u011finiz yerden istedi\u011finiz yere g\u00fcvenle g\u00f6t\u00fcr\u00fcyoruz. <strong>Ayr\u0131ca<\/strong>, \u00f6zellikle yo\u011fun saatlerde Bebek \u2013 Arnavutk\u00f6y hatt\u0131nda ya da Ata\u015fehir \u00e7evresinde trafikte kalma ihtimaline kar\u015f\u0131 farkl\u0131 alternatif rotalar belirliyoruz. <strong>Bu sayede<\/strong> bir\u00e7ok m\u00fc\u015fterimizin tercih sebebi oluyor.<\/p>\n\n\n\n<h3 class=\"wp-block-heading\"><strong>VIP Vito ile Havaliman\u0131 \u2013 \u015eehir Transferi<\/strong><\/h3>\n\n\n\n<p>Kiral\u0131k Mercedes <a href=\"http:\/\/www.luxvito.com.tr\" target=\"_blank\" rel=\"noreferrer noopener\">Vito<\/a> ara\u00e7lar\u0131m\u0131z geni\u015f i\u00e7 hacimleri sayesinde grup ve aile transferlerinde \u00e7ok tercih ediliyor. \u00c7o\u011fu m\u00fc\u015fterimiz, uzun u\u00e7u\u015flardan sonra dinlenerek yolculuk etmek istedi\u011fini s\u00f6yl\u00fcyor. Bu nedenle koltuk d\u00fczeni, ayd\u0131nlatma ve klima ayarlar\u0131n\u0131 \u00f6nceden haz\u0131rl\u0131yoruz.Temiz g\u00fcvenli ve kaliteli yolculu\u011fu birlikte yapmaktam mutluluk duyaca\u011f\u0131m\u0131zdan emin olabilirsiniz. \u00dcstelik arac\u0131n\u0131z, u\u00e7ak ini\u015f saatine g\u00f6re sizleri kap\u0131da haz\u0131r bekler.<\/p>\n\n\n\n<h3 class=\"wp-block-heading\"><strong>\u0130stanbul\u2019un L\u00fcks Semtlerine Premium Ula\u015f\u0131m<\/strong><\/h3>\n\n\n\n<p>AutoVip olarak sadece havaliman\u0131 transferi sunmuyoruz.<br>\u015eu b\u00f6lgelerde \u00f6zel VIP ula\u015f\u0131m talebi \u00e7ok yo\u011fun oluyor:<\/p>\n\n\n\n<ul class=\"wp-block-list\">\n<li>Ni\u015fanta\u015f\u0131<\/li>\n\n\n\n<li>Etiler<\/li>\n\n\n\n<li>Levent<\/li>\n\n\n\n<li>Bebek<\/li>\n\n\n\n<li>Ulus<\/li>\n\n\n\n<li>Ata\u015fehir<\/li>\n\n\n\n<li>\u00c7ekmek\u00f6y<\/li>\n\n\n\n<li>Suadiye<\/li>\n\n\n\n<li>Ba\u011fdat Caddesi<\/li>\n\n\n\n<li>Kalam\u0131\u015f<\/li>\n<\/ul>\n\n\n\n<p>Kiral\u0131k vito hizmetleri, bu b\u00f6lgelerde hem i\u015f trafi\u011fi hem de \u00f6zel etkinlikler sebebiyle transfer talebi g\u00fcn i\u00e7inde s\u00fcrekli de\u011fi\u015fiyor. Bu nedenle ara\u00e7 planlamam\u0131z\u0131 dinamik tutuyoruz.<\/p>\n\n\n\n<h3 class=\"wp-block-heading\"><strong>G\u00fcvenli, Belgeli ve Kurumsal Hizmet<\/strong> <strong>ile kiral\u0131k Vito Hizmetleri<\/strong><\/h3>\n\n\n\n<p>\u015eof\u00f6rlerimiz lisansl\u0131, ara\u00e7lar\u0131m\u0131z d\u00fczenli bak\u0131mdan ge\u00e7iyor.<br>Her yolculuktan sonra ara\u00e7 i\u00e7i temizlik yap\u0131l\u0131r. \u00d6zellikle \u00fc\u015fterilerimizin \u00e7o\u011fu, memnun kald\u0131\u011f\u0131 i\u00e7in bir sonraki seyahatlerinde tekrar ar\u0131yor. G\u00fcven veren hizmet sunmak bizim i\u00e7in en \u00f6nemli nokta.Kiral\u0131k Vito lar\u0131m\u0131zla her yolculuk farkl\u0131 bir deneyim.AutoVip ile \u0130stanbul\u2019da VIP havaliman\u0131 transferi, \u00f6zel \u015fof\u00f6rl\u00fc Vito kiralama ve l\u00fcks semt transfer hizmetleri. Profesyonel ekip, konforlu ara\u00e7lar, g\u00fcvenli yolculuk.<\/p>\n\n\n\n<aside class=\"wp-block-group alignfull is-style-section-3 has-global-padding is-layout-constrained wp-container-core-group-is-layout-f0f2a97b wp-block-group-is-layout-constrained is-style-section-3--1\" style=\"margin-top:0;margin-bottom:0;padding-top:var(--wp--preset--spacing--50);padding-right:var(--wp--preset--spacing--50);padding-bottom:var(--wp--preset--spacing--50);padding-left:var(--wp--preset--spacing--50)\">\n<div class=\"wp-block-group is-vertical is-content-justification-center is-layout-flex wp-container-core-group-is-layout-8778ca4a wp-block-group-is-layout-flex\" style=\"min-height:360px;margin-top:0;margin-bottom:0\">\n<h2 class=\"wp-block-heading has-text-align-center has-xx-large-font-size\">Bizi Aray\u0131n veya Mesaj At\u0131n<\/h2>\n\n\n\n<p class=\"has-text-align-center is-style-text-subtitle is-style-text-subtitle--2\">Tel \/ Whatsapp : <strong>0533 484 1 484<\/strong><\/p>\n\n\n\n<div style=\"height:0px\" aria-hidden=\"true\" class=\"wp-block-spacer wp-container-content-62aae154\"><\/div>\n\n\n\n<div class=\"wp-block-buttons is-content-justification-center is-layout-flex wp-container-core-buttons-is-layout-a89b3969 wp-block-buttons-is-layout-flex\">\n<div class=\"wp-block-button\"><a class=\"wp-block-button__link has-text-align-center wp-element-button\" href=\"http:\/\/www.kiralikvito.com.tr\/iletisim\">\u0130leti\u015fim<\/a><\/div>\n<\/div>\n<\/div>\n<\/aside>\n","protected":false},"excerpt":{"rendered":"<p>Kiral\u0131k Vito Hizmetleri&#8211;AutoVip \u2013 \u0130stanbul VIP Transfer Kiral\u0131k Vito hizmetleri ile \u0130stanbul\u2019da her g\u00fcn y\u00fczlerce ki\u015fi, havaliman\u0131ndan \u015fehir merkezine g\u00fcvenli ve konforlu bir ula\u015f\u0131m ihtiyac\u0131 ya\u015f\u0131yor. Biz de AutoVip olarak y\u0131llard\u0131r bu ihtiyaca, Mercedes Vito modelleriyle \u00f6zel transfer hizmetleri sunarak cevap veriyoruz. \u00d6ncelikle amac\u0131m\u0131z sadece sizi bir noktadan di\u011ferine g\u00f6t\u00fcrmek de\u011fil. Aksine, yolculuk boyunca rahat [&hellip;]<\/p>\n","protected":false},"author":2,"featured_media":0,"parent":0,"menu_order":0,"comment_status":"closed","ping_status":"closed","template":"","meta":{"footnotes":""},"class_list":["post-10","page","type-page","status-publish","hentry"],"yoast_head":"<!-- This site is optimized with the Yoast SEO plugin v27.3 - https:\/\/yoast.com\/product\/yoast-seo-wordpress\/ -->\n<title>Kiral\u0131k Vito Hizmetleri | AutoVip | VIP Transfer Hizmetleri<\/title>\n<meta name=\"description\" content=\"Kiral\u0131k Vito Hizmetleri ile \u0130stanbul\u2019da VIP havaliman\u0131 transferi, \u00f6zel \u015fof\u00f6rl\u00fc Vito kiralama ve transfer hizmetleri.\" \/>\n<meta name=\"robots\" content=\"index, follow, max-snippet:-1, max-image-preview:large, max-video-preview:-1\" \/>\n<link rel=\"canonical\" href=\"http:\/\/www.kiralikvito.com.tr\/\" \/>\n<meta property=\"og:locale\" content=\"tr_TR\" \/>\n<meta property=\"og:type\" content=\"article\" \/>\n<meta property=\"og:title\" content=\"Kiral\u0131k Vito Hizmetleri | AutoVip | VIP Transfer Hizmetleri\" \/>\n<meta property=\"og:description\" content=\"Kiral\u0131k Vito Hizmetleri ile \u0130stanbul\u2019da VIP havaliman\u0131 transferi, \u00f6zel \u015fof\u00f6rl\u00fc Vito kiralama ve transfer hizmetleri.\" \/>\n<meta property=\"og:url\" content=\"http:\/\/www.kiralikvito.com.tr\/\" \/>\n<meta property=\"og:site_name\" content=\"AutoVip\" \/>\n<meta property=\"article:modified_time\" content=\"2025-12-14T20:49:22+00:00\" \/>\n<meta property=\"og:image\" content=\"http:\/\/www.kiralikvito.com.tr\/wp-content\/uploads\/2025\/12\/kiralik-vito-hizmetleri.jpg\" \/>\n\t<meta property=\"og:image:width\" content=\"823\" \/>\n\t<meta property=\"og:image:height\" content=\"535\" \/>\n\t<meta property=\"og:image:type\" content=\"image\/jpeg\" \/>\n<meta name=\"twitter:card\" content=\"summary_large_image\" \/>\n<meta name=\"twitter:label1\" content=\"Tahmini okuma s\u00fcresi\" \/>\n\t<meta name=\"twitter:data1\" content=\"3 dakika\" \/>\n<script type=\"application\/ld+json\" class=\"yoast-schema-graph\">{\"@context\":\"https:\\\/\\\/schema.org\",\"@graph\":[{\"@type\":\"WebPage\",\"@id\":\"http:\\\/\\\/www.kiralikvito.com.tr\\\/\",\"url\":\"http:\\\/\\\/www.kiralikvito.com.tr\\\/\",\"name\":\"Kiral\u0131k Vito Hizmetleri | AutoVip | VIP Transfer Hizmetleri\",\"isPartOf\":{\"@id\":\"http:\\\/\\\/www.kiralikvito.com.tr\\\/#website\"},\"primaryImageOfPage\":{\"@id\":\"http:\\\/\\\/www.kiralikvito.com.tr\\\/#primaryimage\"},\"image\":{\"@id\":\"http:\\\/\\\/www.kiralikvito.com.tr\\\/#primaryimage\"},\"thumbnailUrl\":\"http:\\\/\\\/www.kiralikvito.com.tr\\\/wp-content\\\/uploads\\\/2025\\\/12\\\/kiralik-vito-hizmetleri.jpg\",\"datePublished\":\"2025-12-04T19:00:31+00:00\",\"dateModified\":\"2025-12-14T20:49:22+00:00\",\"description\":\"Kiral\u0131k Vito Hizmetleri ile \u0130stanbul\u2019da VIP havaliman\u0131 transferi, \u00f6zel \u015fof\u00f6rl\u00fc Vito kiralama ve transfer hizmetleri.\",\"breadcrumb\":{\"@id\":\"http:\\\/\\\/www.kiralikvito.com.tr\\\/#breadcrumb\"},\"inLanguage\":\"tr\",\"potentialAction\":[{\"@type\":\"ReadAction\",\"target\":[\"http:\\\/\\\/www.kiralikvito.com.tr\\\/\"]}]},{\"@type\":\"ImageObject\",\"inLanguage\":\"tr\",\"@id\":\"http:\\\/\\\/www.kiralikvito.com.tr\\\/#primaryimage\",\"url\":\"http:\\\/\\\/www.kiralikvito.com.tr\\\/wp-content\\\/uploads\\\/2025\\\/12\\\/kiralik-vito-hizmetleri.jpg\",\"contentUrl\":\"http:\\\/\\\/www.kiralikvito.com.tr\\\/wp-content\\\/uploads\\\/2025\\\/12\\\/kiralik-vito-hizmetleri.jpg\",\"width\":823,\"height\":535,\"caption\":\"Kiral\u0131k vito hizmetleri\"},{\"@type\":\"BreadcrumbList\",\"@id\":\"http:\\\/\\\/www.kiralikvito.com.tr\\\/#breadcrumb\",\"itemListElement\":[{\"@type\":\"ListItem\",\"position\":1,\"name\":\"Anasayfa\",\"item\":\"http:\\\/\\\/www.kiralikvito.com.tr\\\/\"},{\"@type\":\"ListItem\",\"position\":2,\"name\":\"AutoVip\"}]},{\"@type\":\"WebSite\",\"@id\":\"http:\\\/\\\/www.kiralikvito.com.tr\\\/#website\",\"url\":\"http:\\\/\\\/www.kiralikvito.com.tr\\\/\",\"name\":\"AutoVip\",\"description\":\"Kiral\u0131k Mercedes Vito hizmetleri \\\/ Transfer\",\"publisher\":{\"@id\":\"http:\\\/\\\/www.kiralikvito.com.tr\\\/#organization\"},\"potentialAction\":[{\"@type\":\"SearchAction\",\"target\":{\"@type\":\"EntryPoint\",\"urlTemplate\":\"http:\\\/\\\/www.kiralikvito.com.tr\\\/?s={search_term_string}\"},\"query-input\":{\"@type\":\"PropertyValueSpecification\",\"valueRequired\":true,\"valueName\":\"search_term_string\"}}],\"inLanguage\":\"tr\"},{\"@type\":\"Organization\",\"@id\":\"http:\\\/\\\/www.kiralikvito.com.tr\\\/#organization\",\"name\":\"AutoVip\",\"url\":\"http:\\\/\\\/www.kiralikvito.com.tr\\\/\",\"logo\":{\"@type\":\"ImageObject\",\"inLanguage\":\"tr\",\"@id\":\"http:\\\/\\\/www.kiralikvito.com.tr\\\/#\\\/schema\\\/logo\\\/image\\\/\",\"url\":\"http:\\\/\\\/www.kiralikvito.com.tr\\\/wp-content\\\/uploads\\\/2025\\\/12\\\/autoviplogo-1.png\",\"contentUrl\":\"http:\\\/\\\/www.kiralikvito.com.tr\\\/wp-content\\\/uploads\\\/2025\\\/12\\\/autoviplogo-1.png\",\"width\":512,\"height\":214,\"caption\":\"AutoVip\"},\"image\":{\"@id\":\"http:\\\/\\\/www.kiralikvito.com.tr\\\/#\\\/schema\\\/logo\\\/image\\\/\"}}]}<\/script>\n<!-- \/ Yoast SEO plugin. -->","yoast_head_json":{"title":"Kiral\u0131k Vito Hizmetleri | AutoVip | VIP Transfer Hizmetleri","description":"Kiral\u0131k Vito Hizmetleri ile \u0130stanbul\u2019da VIP havaliman\u0131 transferi, \u00f6zel \u015fof\u00f6rl\u00fc Vito kiralama ve transfer hizmetleri.","robots":{"index":"index","follow":"follow","max-snippet":"max-snippet:-1","max-image-preview":"max-image-preview:large","max-video-preview":"max-video-preview:-1"},"canonical":"http:\/\/www.kiralikvito.com.tr\/","og_locale":"tr_TR","og_type":"article","og_title":"Kiral\u0131k Vito Hizmetleri | AutoVip | VIP Transfer Hizmetleri","og_description":"Kiral\u0131k Vito Hizmetleri ile \u0130stanbul\u2019da VIP havaliman\u0131 transferi, \u00f6zel \u015fof\u00f6rl\u00fc Vito kiralama ve transfer hizmetleri.","og_url":"http:\/\/www.kiralikvito.com.tr\/","og_site_name":"AutoVip","article_modified_time":"2025-12-14T20:49:22+00:00","og_image":[{"width":823,"height":535,"url":"http:\/\/www.kiralikvito.com.tr\/wp-content\/uploads\/2025\/12\/kiralik-vito-hizmetleri.jpg","type":"image\/jpeg"}],"twitter_card":"summary_large_image","twitter_misc":{"Tahmini okuma s\u00fcresi":"3 dakika"},"schema":{"@context":"https:\/\/schema.org","@graph":[{"@type":"WebPage","@id":"http:\/\/www.kiralikvito.com.tr\/","url":"http:\/\/www.kiralikvito.com.tr\/","name":"Kiral\u0131k Vito Hizmetleri | AutoVip | VIP Transfer Hizmetleri","isPartOf":{"@id":"http:\/\/www.kiralikvito.com.tr\/#website"},"primaryImageOfPage":{"@id":"http:\/\/www.kiralikvito.com.tr\/#primaryimage"},"image":{"@id":"http:\/\/www.kiralikvito.com.tr\/#primaryimage"},"thumbnailUrl":"http:\/\/www.kiralikvito.com.tr\/wp-content\/uploads\/2025\/12\/kiralik-vito-hizmetleri.jpg","datePublished":"2025-12-04T19:00:31+00:00","dateModified":"2025-12-14T20:49:22+00:00","description":"Kiral\u0131k Vito Hizmetleri ile \u0130stanbul\u2019da VIP havaliman\u0131 transferi, \u00f6zel \u015fof\u00f6rl\u00fc Vito kiralama ve transfer hizmetleri.","breadcrumb":{"@id":"http:\/\/www.kiralikvito.com.tr\/#breadcrumb"},"inLanguage":"tr","potentialAction":[{"@type":"ReadAction","target":["http:\/\/www.kiralikvito.com.tr\/"]}]},{"@type":"ImageObject","inLanguage":"tr","@id":"http:\/\/www.kiralikvito.com.tr\/#primaryimage","url":"http:\/\/www.kiralikvito.com.tr\/wp-content\/uploads\/2025\/12\/kiralik-vito-hizmetleri.jpg","contentUrl":"http:\/\/www.kiralikvito.com.tr\/wp-content\/uploads\/2025\/12\/kiralik-vito-hizmetleri.jpg","width":823,"height":535,"caption":"Kiral\u0131k vito hizmetleri"},{"@type":"BreadcrumbList","@id":"http:\/\/www.kiralikvito.com.tr\/#breadcrumb","itemListElement":[{"@type":"ListItem","position":1,"name":"Anasayfa","item":"http:\/\/www.kiralikvito.com.tr\/"},{"@type":"ListItem","position":2,"name":"AutoVip"}]},{"@type":"WebSite","@id":"http:\/\/www.kiralikvito.com.tr\/#website","url":"http:\/\/www.kiralikvito.com.tr\/","name":"AutoVip","description":"Kiral\u0131k Mercedes Vito hizmetleri \/ Transfer","publisher":{"@id":"http:\/\/www.kiralikvito.com.tr\/#organization"},"potentialAction":[{"@type":"SearchAction","target":{"@type":"EntryPoint","urlTemplate":"http:\/\/www.kiralikvito.com.tr\/?s={search_term_string}"},"query-input":{"@type":"PropertyValueSpecification","valueRequired":true,"valueName":"search_term_string"}}],"inLanguage":"tr"},{"@type":"Organization","@id":"http:\/\/www.kiralikvito.com.tr\/#organization","name":"AutoVip","url":"http:\/\/www.kiralikvito.com.tr\/","logo":{"@type":"ImageObject","inLanguage":"tr","@id":"http:\/\/www.kiralikvito.com.tr\/#\/schema\/logo\/image\/","url":"http:\/\/www.kiralikvito.com.tr\/wp-content\/uploads\/2025\/12\/autoviplogo-1.png","contentUrl":"http:\/\/www.kiralikvito.com.tr\/wp-content\/uploads\/2025\/12\/autoviplogo-1.png","width":512,"height":214,"caption":"AutoVip"},"image":{"@id":"http:\/\/www.kiralikvito.com.tr\/#\/schema\/logo\/image\/"}}]}},"_links":{"self":[{"href":"http:\/\/www.kiralikvito.com.tr\/index.php?rest_route=\/wp\/v2\/pages\/10","targetHints":{"allow":["GET"]}}],"collection":[{"href":"http:\/\/www.kiralikvito.com.tr\/index.php?rest_route=\/wp\/v2\/pages"}],"about":[{"href":"http:\/\/www.kiralikvito.com.tr\/index.php?rest_route=\/wp\/v2\/types\/page"}],"author":[{"embeddable":true,"href":"http:\/\/www.kiralikvito.com.tr\/index.php?rest_route=\/wp\/v2\/users\/2"}],"replies":[{"embeddable":true,"href":"http:\/\/www.kiralikvito.com.tr\/index.php?rest_route=%2Fwp%2Fv2%2Fcomments&post=10"}],"version-history":[{"count":13,"href":"http:\/\/www.kiralikvito.com.tr\/index.php?rest_route=\/wp\/v2\/pages\/10\/revisions"}],"predecessor-version":[{"id":84,"href":"http:\/\/www.kiralikvito.com.tr\/index.php?rest_route=\/wp\/v2\/pages\/10\/revisions\/84"}],"wp:attachment":[{"href":"http:\/\/www.kiralikvito.com.tr\/index.php?rest_route=%2Fwp%2Fv2%2Fmedia&parent=10"}],"curies":[{"name":"wp","href":"https:\/\/api.w.org\/{rel}","templated":true}]}}