{"id":51,"date":"2025-12-04T21:32:53","date_gmt":"2025-12-04T21:32:53","guid":{"rendered":"http:\/\/www.kiralikvito.com.tr\/?page_id=51"},"modified":"2026-04-09T16:54:15","modified_gmt":"2026-04-09T16:54:15","slug":"hakkimizda","status":"publish","type":"page","link":"http:\/\/www.kiralikvito.com.tr\/?page_id=51","title":{"rendered":"Hakk\u0131m\u0131zda"},"content":{"rendered":"\n<div class=\"wp-block-group alignfull has-global-padding is-layout-constrained wp-block-group-is-layout-constrained\" style=\"margin-top:0;margin-bottom:0\">\n<figure class=\"wp-block-image size-full\"><img loading=\"lazy\" decoding=\"async\" width=\"823\" height=\"535\" src=\"http:\/\/www.kiralikvito.com.tr\/wp-content\/uploads\/2025\/12\/kiralik-vito-hizmetleri.jpg\" alt=\"Kiral\u0131k vito hizmetleri\" class=\"wp-image-15\" srcset=\"http:\/\/www.kiralikvito.com.tr\/wp-content\/uploads\/2025\/12\/kiralik-vito-hizmetleri.jpg 823w, http:\/\/www.kiralikvito.com.tr\/wp-content\/uploads\/2025\/12\/kiralik-vito-hizmetleri-300x195.jpg 300w, http:\/\/www.kiralikvito.com.tr\/wp-content\/uploads\/2025\/12\/kiralik-vito-hizmetleri-768x499.jpg 768w\" sizes=\"auto, (max-width: 823px) 100vw, 823px\" \/><\/figure>\n<\/div>\n\n\n\n<div class=\"wp-block-group alignfull has-global-padding is-layout-constrained wp-container-core-group-is-layout-54af5b55 wp-block-group-is-layout-constrained\" style=\"margin-top:0;margin-bottom:0;padding-top:var(--wp--preset--spacing--60);padding-bottom:var(--wp--preset--spacing--60)\">\n<h2 class=\"wp-block-heading alignwide has-text-align-center has-x-large-font-size\"><\/h2>\n\n\n\n<div class=\"wp-block-buttons alignwide has-custom-font-size has-medium-font-size is-content-justification-center is-layout-flex wp-container-core-buttons-is-layout-c124d1c4 wp-block-buttons-is-layout-flex\">\n<div class=\"wp-block-button\"><a class=\"wp-block-button__link wp-element-button\" href=\"http:\/\/www.kiralikvito.com.tr\">Anasayfa<\/a><\/div>\n\n\n\n<div class=\"wp-block-button\"><a class=\"wp-block-button__link wp-element-button\" href=\"http:\/\/www.kiralikvito.com.tr\/?page_id=32\">Hizmetler<\/a><\/div>\n\n\n\n<div class=\"wp-block-button\"><a class=\"wp-block-button__link wp-element-button\" href=\"http:\/\/www.kiralikvito.com.tr\/?page_id=51\">Hakk\u0131m\u0131zda<\/a><\/div>\n\n\n\n<div class=\"wp-block-button\"><a class=\"wp-block-button__link wp-element-button\" href=\"http:\/\/www.kiralikvito.com.tr\/?page_id=58\">\u0130leti\u015fim<\/a><\/div>\n<\/div>\n\n\n\n<p class=\"has-text-align-center has-medium-font-size\"><\/p>\n<\/div>\n\n\n\n<h2 class=\"wp-block-heading\"><strong>AutoVip \u2013 \u0130stanbul\u2019da G\u00fcvenli ve Konforlu VIP Ula\u015f\u0131m Deneyimi<\/strong><\/h2>\n\n\n\n<h3 class=\"wp-block-heading\"><strong>Hakk\u0131m\u0131zda<\/strong><\/h3>\n\n\n\n<p><br>Hakk\u0131m\u0131zda | \u0130stanbul VIP Transfer &amp; Kiral\u0131k Vito<\/p>\n\n\n\n<p><br>Hakk\u0131m\u0131zda | \u0130stanbul VIP Transfer &amp; Kiral\u0131k Vito<\/p>\n\n\n\n<p>Hakk\u0131m\u0131zda, AutoVip, \u0130stanbul\u2019da profesyonel \u015fof\u00f6rl\u00fc Vito kiralama ve VIP transfer hizmeti sunan deneyimli bir ula\u015f\u0131m firmas\u0131d\u0131r.<\/p>\n\n\n\n<p>Hakk\u0131m\u0131zda, AutoVip, \u0130stanbul\u2019da profesyonel \u015fof\u00f6rl\u00fc Vito kiralama ve VIP transfer hizmeti sunan deneyimli bir ula\u015f\u0131m firmas\u0131d\u0131r.<\/p>\n\n\n\n<p><a href=\"http:\/\/www.autoviponline.com\" target=\"_blank\" rel=\"noreferrer noopener\">AutoVip<\/a>, \u0130stanbul genelinde uzun y\u0131llard\u0131r VIP transfer hizmeti sunan g\u00fcvenilir bir ula\u015f\u0131m firmas\u0131d\u0131r. Misafirlerimizin yolculuk s\u0131ras\u0131nda <strong>g\u00fcven, konfor ve profesyonellik<\/strong> beklentilerinin fark\u0131nday\u0131z. Bu nedenle ara\u00e7 filomuzdan \u015fof\u00f6r kadromuza kadar t\u00fcm s\u00fcre\u00e7lerde titiz bir \u00e7al\u0131\u015fma y\u00fcr\u00fct\u00fcyoruz.<\/p>\n\n\n\n<p><br>Hakk\u0131m\u0131zda | \u0130stanbul VIP Transfer &amp; Kiral\u0131k Vito<\/p>\n\n\n\n<p><br>Hakk\u0131m\u0131zda | \u0130stanbul VIP Transfer &amp; Kiral\u0131k Vito<\/p>\n\n\n\n<p>Hakk\u0131m\u0131zda, AutoVip, \u0130stanbul\u2019da profesyonel \u015fof\u00f6rl\u00fc Vito kiralama ve VIP transfer hizmeti sunan deneyimli bir ula\u015f\u0131m firmas\u0131d\u0131r.<\/p>\n\n\n\n<p>Hakk\u0131m\u0131zda, AutoVip, \u0130stanbul\u2019da profesyonel \u015fof\u00f6rl\u00fc Vito kiralama ve VIP transfer hizmeti sunan deneyimli bir ula\u015f\u0131m firmas\u0131d\u0131r.<\/p>\n\n\n\n<hr class=\"wp-block-separator has-alpha-channel-opacity\"\/>\n\n\n\n<h3 class=\"wp-block-heading\"><strong>Deneyim ve Profesyonellik<\/strong><\/h3>\n\n\n\n<p>\u015eof\u00f6rlerimiz, \u0130stanbul trafi\u011fini yak\u0131ndan tan\u0131yan, kurumsal s\u00fcr\u00fc\u015f deneyimine sahip profesyonel ki\u015filerden olu\u015fmaktad\u0131r.<br>\u00dcsk\u00fcdar, \u015ei\u015fli, Maltepe, Sar\u0131yer gibi yo\u011fun b\u00f6lgelerin trafik yap\u0131s\u0131n\u0131 iyi bildikleri i\u00e7in her yolculuk \u00f6ncesi rotay\u0131 \u00f6zenle planlar, misafirlerimizin zaman kaybetmeden ula\u015fmas\u0131n\u0131 sa\u011flarlar.<\/p>\n\n\n\n<hr class=\"wp-block-separator has-alpha-channel-opacity\"\/>\n\n\n\n<h3 class=\"wp-block-heading\"><strong>Ara\u00e7 Konforu<\/strong><\/h3>\n\n\n\n<p>Filomuzda yer alan Mercedes Vito ara\u00e7lar:<\/p>\n\n\n\n<ul class=\"wp-block-list\">\n<li>Geni\u015f i\u00e7 hacim<\/li>\n\n\n\n<li>Rahat koltuk d\u00fczeni<\/li>\n\n\n\n<li>Sessiz ve sars\u0131nt\u0131s\u0131z s\u00fcr\u00fc\u015f<\/li>\n\n\n\n<li>2020\u20132024 model se\u00e7enekleri<\/li>\n<\/ul>\n\n\n\n<p>ile misafirlerimizin en \u00e7ok tercih etti\u011fi VIP ara\u00e7lar aras\u0131ndad\u0131r. Her transfer \u00f6ncesinde detayl\u0131 temizlik ve teknik kontrol yap\u0131l\u0131r.<\/p>\n\n\n\n<hr class=\"wp-block-separator has-alpha-channel-opacity\"\/>\n\n\n\n<h3 class=\"wp-block-heading\"><strong>M\u00fc\u015fteri Memnuniyeti Odakl\u0131 Yakla\u015f\u0131m<\/strong><\/h3>\n\n\n\n<p>AutoVip\u2019i tercih eden misafirlerimizin b\u00fcy\u00fck b\u00f6l\u00fcm\u00fc <strong>yeniden bizi arayarak<\/strong> yeni transfer talepleri olu\u015fturmaktad\u0131r.<br>\u00d6zellikle i\u015f d\u00fcnyas\u0131n\u0131n yo\u011fun oldu\u011fu <strong>Maslak, Levent, Ata\u015fehir<\/strong> gibi b\u00f6lgelerden s\u00fcrekli rezervasyon almam\u0131z, hizmet kalitemizin bir g\u00f6stergesidir.<\/p>\n\n\n\n<p>Profesyonel ekip, konforlu ara\u00e7lar ve g\u00fcvenli yolculuk anlay\u0131\u015f\u0131yla \u0130stanbul\u2019da VIP ula\u015f\u0131m\u0131n en do\u011fru adresiyiz.<\/p>\n\n\n\n<aside class=\"wp-block-group alignfull is-style-section-3 has-global-padding is-layout-constrained wp-container-core-group-is-layout-f0f2a97b wp-block-group-is-layout-constrained is-style-section-3--1\" style=\"margin-top:0;margin-bottom:0;padding-top:var(--wp--preset--spacing--50);padding-right:var(--wp--preset--spacing--50);padding-bottom:var(--wp--preset--spacing--50);padding-left:var(--wp--preset--spacing--50)\">\n<div class=\"wp-block-group is-vertical is-content-justification-center is-layout-flex wp-container-core-group-is-layout-8778ca4a wp-block-group-is-layout-flex\" style=\"min-height:360px;margin-top:0;margin-bottom:0\">\n<h2 class=\"wp-block-heading has-text-align-center has-xx-large-font-size\">Bizi Aray\u0131n veya Mesaj At\u0131n<\/h2>\n\n\n\n<p class=\"has-text-align-center is-style-text-subtitle is-style-text-subtitle--2\">Tel \/ Whatsapp : <strong>0533 484 1 484<\/strong><\/p>\n\n\n\n<div style=\"height:0px\" aria-hidden=\"true\" class=\"wp-block-spacer wp-container-content-62aae154\"><\/div>\n\n\n\n<div class=\"wp-block-buttons is-content-justification-center is-layout-flex wp-container-core-buttons-is-layout-a89b3969 wp-block-buttons-is-layout-flex\">\n<div class=\"wp-block-button\"><a class=\"wp-block-button__link has-text-align-center wp-element-button\" href=\"http:\/\/www.kiralikvito.com.tr\/iletisim\">\u0130leti\u015fim<\/a><\/div>\n<\/div>\n<\/div>\n<\/aside>\n","protected":false},"excerpt":{"rendered":"<p>AutoVip \u2013 \u0130stanbul\u2019da G\u00fcvenli ve Konforlu VIP Ula\u015f\u0131m Deneyimi Hakk\u0131m\u0131zda Hakk\u0131m\u0131zda | \u0130stanbul VIP Transfer &amp; Kiral\u0131k Vito Hakk\u0131m\u0131zda | \u0130stanbul VIP Transfer &amp; Kiral\u0131k Vito Hakk\u0131m\u0131zda, AutoVip, \u0130stanbul\u2019da profesyonel \u015fof\u00f6rl\u00fc Vito kiralama ve VIP transfer hizmeti sunan deneyimli bir ula\u015f\u0131m firmas\u0131d\u0131r. Hakk\u0131m\u0131zda, AutoVip, \u0130stanbul\u2019da profesyonel \u015fof\u00f6rl\u00fc Vito kiralama ve VIP transfer hizmeti sunan deneyimli [&hellip;]<\/p>\n","protected":false},"author":2,"featured_media":0,"parent":0,"menu_order":0,"comment_status":"closed","ping_status":"closed","template":"","meta":{"footnotes":""},"class_list":["post-51","page","type-page","status-publish","hentry"],"yoast_head":"<!-- This site is optimized with the Yoast SEO plugin v27.3 - https:\/\/yoast.com\/product\/yoast-seo-wordpress\/ -->\n<title>Hakk\u0131m\u0131zda | \u0130stanbul VIP Transfer &amp; Kiral\u0131k Vito<\/title>\n<meta name=\"description\" content=\"Hakk\u0131m\u0131zda, AutoVip, \u0130stanbul\u2019da profesyonel \u015fof\u00f6rl\u00fc Vito kiralama ve VIP transfer hizmeti sunan deneyimli bir ula\u015f\u0131m firmas\u0131d\u0131r.\" \/>\n<meta name=\"robots\" content=\"index, follow, max-snippet:-1, max-image-preview:large, max-video-preview:-1\" \/>\n<link rel=\"canonical\" href=\"http:\/\/www.kiralikvito.com.tr\/?page_id=51\" \/>\n<meta property=\"og:locale\" content=\"tr_TR\" \/>\n<meta property=\"og:type\" content=\"article\" \/>\n<meta property=\"og:title\" content=\"Hakk\u0131m\u0131zda | \u0130stanbul VIP Transfer &amp; Kiral\u0131k Vito\" \/>\n<meta property=\"og:description\" content=\"Hakk\u0131m\u0131zda, AutoVip, \u0130stanbul\u2019da profesyonel \u015fof\u00f6rl\u00fc Vito kiralama ve VIP transfer hizmeti sunan deneyimli bir ula\u015f\u0131m firmas\u0131d\u0131r.\" \/>\n<meta property=\"og:url\" content=\"http:\/\/www.kiralikvito.com.tr\/?page_id=51\" \/>\n<meta property=\"og:site_name\" content=\"AutoVip\" \/>\n<meta property=\"article:modified_time\" content=\"2026-04-09T16:54:15+00:00\" \/>\n<meta property=\"og:image\" content=\"http:\/\/www.kiralikvito.com.tr\/wp-content\/uploads\/2025\/12\/kiralik-vito-hizmetleri.jpg\" \/>\n\t<meta property=\"og:image:width\" content=\"823\" \/>\n\t<meta property=\"og:image:height\" content=\"535\" \/>\n\t<meta property=\"og:image:type\" content=\"image\/jpeg\" \/>\n<meta name=\"twitter:card\" content=\"summary_large_image\" \/>\n<meta name=\"twitter:label1\" content=\"Tahmini okuma s\u00fcresi\" \/>\n\t<meta name=\"twitter:data1\" content=\"2 dakika\" \/>\n<script type=\"application\/ld+json\" class=\"yoast-schema-graph\">{\"@context\":\"https:\\\/\\\/schema.org\",\"@graph\":[{\"@type\":\"WebPage\",\"@id\":\"http:\\\/\\\/www.kiralikvito.com.tr\\\/?page_id=51\",\"url\":\"http:\\\/\\\/www.kiralikvito.com.tr\\\/?page_id=51\",\"name\":\"Hakk\u0131m\u0131zda | \u0130stanbul VIP Transfer & Kiral\u0131k Vito\",\"isPartOf\":{\"@id\":\"http:\\\/\\\/www.kiralikvito.com.tr\\\/#website\"},\"primaryImageOfPage\":{\"@id\":\"http:\\\/\\\/www.kiralikvito.com.tr\\\/?page_id=51#primaryimage\"},\"image\":{\"@id\":\"http:\\\/\\\/www.kiralikvito.com.tr\\\/?page_id=51#primaryimage\"},\"thumbnailUrl\":\"http:\\\/\\\/www.kiralikvito.com.tr\\\/wp-content\\\/uploads\\\/2025\\\/12\\\/kiralik-vito-hizmetleri.jpg\",\"datePublished\":\"2025-12-04T21:32:53+00:00\",\"dateModified\":\"2026-04-09T16:54:15+00:00\",\"description\":\"Hakk\u0131m\u0131zda, AutoVip, \u0130stanbul\u2019da profesyonel \u015fof\u00f6rl\u00fc Vito kiralama ve VIP transfer hizmeti sunan deneyimli bir ula\u015f\u0131m firmas\u0131d\u0131r.\",\"breadcrumb\":{\"@id\":\"http:\\\/\\\/www.kiralikvito.com.tr\\\/?page_id=51#breadcrumb\"},\"inLanguage\":\"tr\",\"potentialAction\":[{\"@type\":\"ReadAction\",\"target\":[\"http:\\\/\\\/www.kiralikvito.com.tr\\\/?page_id=51\"]}]},{\"@type\":\"ImageObject\",\"inLanguage\":\"tr\",\"@id\":\"http:\\\/\\\/www.kiralikvito.com.tr\\\/?page_id=51#primaryimage\",\"url\":\"http:\\\/\\\/www.kiralikvito.com.tr\\\/wp-content\\\/uploads\\\/2025\\\/12\\\/kiralik-vito-hizmetleri.jpg\",\"contentUrl\":\"http:\\\/\\\/www.kiralikvito.com.tr\\\/wp-content\\\/uploads\\\/2025\\\/12\\\/kiralik-vito-hizmetleri.jpg\",\"width\":823,\"height\":535,\"caption\":\"Kiral\u0131k vito hizmetleri\"},{\"@type\":\"BreadcrumbList\",\"@id\":\"http:\\\/\\\/www.kiralikvito.com.tr\\\/?page_id=51#breadcrumb\",\"itemListElement\":[{\"@type\":\"ListItem\",\"position\":1,\"name\":\"Anasayfa\",\"item\":\"http:\\\/\\\/www.kiralikvito.com.tr\\\/\"},{\"@type\":\"ListItem\",\"position\":2,\"name\":\"Hakk\u0131m\u0131zda\"}]},{\"@type\":\"WebSite\",\"@id\":\"http:\\\/\\\/www.kiralikvito.com.tr\\\/#website\",\"url\":\"http:\\\/\\\/www.kiralikvito.com.tr\\\/\",\"name\":\"AutoVip\",\"description\":\"Kiral\u0131k Mercedes Vito hizmetleri \\\/ Transfer\",\"publisher\":{\"@id\":\"http:\\\/\\\/www.kiralikvito.com.tr\\\/#organization\"},\"potentialAction\":[{\"@type\":\"SearchAction\",\"target\":{\"@type\":\"EntryPoint\",\"urlTemplate\":\"http:\\\/\\\/www.kiralikvito.com.tr\\\/?s={search_term_string}\"},\"query-input\":{\"@type\":\"PropertyValueSpecification\",\"valueRequired\":true,\"valueName\":\"search_term_string\"}}],\"inLanguage\":\"tr\"},{\"@type\":\"Organization\",\"@id\":\"http:\\\/\\\/www.kiralikvito.com.tr\\\/#organization\",\"name\":\"AutoVip\",\"url\":\"http:\\\/\\\/www.kiralikvito.com.tr\\\/\",\"logo\":{\"@type\":\"ImageObject\",\"inLanguage\":\"tr\",\"@id\":\"http:\\\/\\\/www.kiralikvito.com.tr\\\/#\\\/schema\\\/logo\\\/image\\\/\",\"url\":\"http:\\\/\\\/www.kiralikvito.com.tr\\\/wp-content\\\/uploads\\\/2025\\\/12\\\/autoviplogo-1.png\",\"contentUrl\":\"http:\\\/\\\/www.kiralikvito.com.tr\\\/wp-content\\\/uploads\\\/2025\\\/12\\\/autoviplogo-1.png\",\"width\":512,\"height\":214,\"caption\":\"AutoVip\"},\"image\":{\"@id\":\"http:\\\/\\\/www.kiralikvito.com.tr\\\/#\\\/schema\\\/logo\\\/image\\\/\"}}]}<\/script>\n<!-- \/ Yoast SEO plugin. -->","yoast_head_json":{"title":"Hakk\u0131m\u0131zda | \u0130stanbul VIP Transfer & Kiral\u0131k Vito","description":"Hakk\u0131m\u0131zda, AutoVip, \u0130stanbul\u2019da profesyonel \u015fof\u00f6rl\u00fc Vito kiralama ve VIP transfer hizmeti sunan deneyimli bir ula\u015f\u0131m firmas\u0131d\u0131r.","robots":{"index":"index","follow":"follow","max-snippet":"max-snippet:-1","max-image-preview":"max-image-preview:large","max-video-preview":"max-video-preview:-1"},"canonical":"http:\/\/www.kiralikvito.com.tr\/?page_id=51","og_locale":"tr_TR","og_type":"article","og_title":"Hakk\u0131m\u0131zda | \u0130stanbul VIP Transfer & Kiral\u0131k Vito","og_description":"Hakk\u0131m\u0131zda, AutoVip, \u0130stanbul\u2019da profesyonel \u015fof\u00f6rl\u00fc Vito kiralama ve VIP transfer hizmeti sunan deneyimli bir ula\u015f\u0131m firmas\u0131d\u0131r.","og_url":"http:\/\/www.kiralikvito.com.tr\/?page_id=51","og_site_name":"AutoVip","article_modified_time":"2026-04-09T16:54:15+00:00","og_image":[{"width":823,"height":535,"url":"http:\/\/www.kiralikvito.com.tr\/wp-content\/uploads\/2025\/12\/kiralik-vito-hizmetleri.jpg","type":"image\/jpeg"}],"twitter_card":"summary_large_image","twitter_misc":{"Tahmini okuma s\u00fcresi":"2 dakika"},"schema":{"@context":"https:\/\/schema.org","@graph":[{"@type":"WebPage","@id":"http:\/\/www.kiralikvito.com.tr\/?page_id=51","url":"http:\/\/www.kiralikvito.com.tr\/?page_id=51","name":"Hakk\u0131m\u0131zda | \u0130stanbul VIP Transfer & Kiral\u0131k Vito","isPartOf":{"@id":"http:\/\/www.kiralikvito.com.tr\/#website"},"primaryImageOfPage":{"@id":"http:\/\/www.kiralikvito.com.tr\/?page_id=51#primaryimage"},"image":{"@id":"http:\/\/www.kiralikvito.com.tr\/?page_id=51#primaryimage"},"thumbnailUrl":"http:\/\/www.kiralikvito.com.tr\/wp-content\/uploads\/2025\/12\/kiralik-vito-hizmetleri.jpg","datePublished":"2025-12-04T21:32:53+00:00","dateModified":"2026-04-09T16:54:15+00:00","description":"Hakk\u0131m\u0131zda, AutoVip, \u0130stanbul\u2019da profesyonel \u015fof\u00f6rl\u00fc Vito kiralama ve VIP transfer hizmeti sunan deneyimli bir ula\u015f\u0131m firmas\u0131d\u0131r.","breadcrumb":{"@id":"http:\/\/www.kiralikvito.com.tr\/?page_id=51#breadcrumb"},"inLanguage":"tr","potentialAction":[{"@type":"ReadAction","target":["http:\/\/www.kiralikvito.com.tr\/?page_id=51"]}]},{"@type":"ImageObject","inLanguage":"tr","@id":"http:\/\/www.kiralikvito.com.tr\/?page_id=51#primaryimage","url":"http:\/\/www.kiralikvito.com.tr\/wp-content\/uploads\/2025\/12\/kiralik-vito-hizmetleri.jpg","contentUrl":"http:\/\/www.kiralikvito.com.tr\/wp-content\/uploads\/2025\/12\/kiralik-vito-hizmetleri.jpg","width":823,"height":535,"caption":"Kiral\u0131k vito hizmetleri"},{"@type":"BreadcrumbList","@id":"http:\/\/www.kiralikvito.com.tr\/?page_id=51#breadcrumb","itemListElement":[{"@type":"ListItem","position":1,"name":"Anasayfa","item":"http:\/\/www.kiralikvito.com.tr\/"},{"@type":"ListItem","position":2,"name":"Hakk\u0131m\u0131zda"}]},{"@type":"WebSite","@id":"http:\/\/www.kiralikvito.com.tr\/#website","url":"http:\/\/www.kiralikvito.com.tr\/","name":"AutoVip","description":"Kiral\u0131k Mercedes Vito hizmetleri \/ Transfer","publisher":{"@id":"http:\/\/www.kiralikvito.com.tr\/#organization"},"potentialAction":[{"@type":"SearchAction","target":{"@type":"EntryPoint","urlTemplate":"http:\/\/www.kiralikvito.com.tr\/?s={search_term_string}"},"query-input":{"@type":"PropertyValueSpecification","valueRequired":true,"valueName":"search_term_string"}}],"inLanguage":"tr"},{"@type":"Organization","@id":"http:\/\/www.kiralikvito.com.tr\/#organization","name":"AutoVip","url":"http:\/\/www.kiralikvito.com.tr\/","logo":{"@type":"ImageObject","inLanguage":"tr","@id":"http:\/\/www.kiralikvito.com.tr\/#\/schema\/logo\/image\/","url":"http:\/\/www.kiralikvito.com.tr\/wp-content\/uploads\/2025\/12\/autoviplogo-1.png","contentUrl":"http:\/\/www.kiralikvito.com.tr\/wp-content\/uploads\/2025\/12\/autoviplogo-1.png","width":512,"height":214,"caption":"AutoVip"},"image":{"@id":"http:\/\/www.kiralikvito.com.tr\/#\/schema\/logo\/image\/"}}]}},"_links":{"self":[{"href":"http:\/\/www.kiralikvito.com.tr\/index.php?rest_route=\/wp\/v2\/pages\/51","targetHints":{"allow":["GET"]}}],"collection":[{"href":"http:\/\/www.kiralikvito.com.tr\/index.php?rest_route=\/wp\/v2\/pages"}],"about":[{"href":"http:\/\/www.kiralikvito.com.tr\/index.php?rest_route=\/wp\/v2\/types\/page"}],"author":[{"embeddable":true,"href":"http:\/\/www.kiralikvito.com.tr\/index.php?rest_route=\/wp\/v2\/users\/2"}],"replies":[{"embeddable":true,"href":"http:\/\/www.kiralikvito.com.tr\/index.php?rest_route=%2Fwp%2Fv2%2Fcomments&post=51"}],"version-history":[{"count":7,"href":"http:\/\/www.kiralikvito.com.tr\/index.php?rest_route=\/wp\/v2\/pages\/51\/revisions"}],"predecessor-version":[{"id":87,"href":"http:\/\/www.kiralikvito.com.tr\/index.php?rest_route=\/wp\/v2\/pages\/51\/revisions\/87"}],"wp:attachment":[{"href":"http:\/\/www.kiralikvito.com.tr\/index.php?rest_route=%2Fwp%2Fv2%2Fmedia&parent=51"}],"curies":[{"name":"wp","href":"https:\/\/api.w.org\/{rel}","templated":true}]}}